{"id":5707,"date":"2015-02-19T09:48:19","date_gmt":"2015-02-19T09:48:19","guid":{"rendered":"http:\/\/demo2.wpresidence.net\/?page_id=5707"},"modified":"2025-03-12T09:37:46","modified_gmt":"2025-03-12T09:37:46","slug":"contact-us","status":"publish","type":"page","link":"https:\/\/www.bilisimhatti.com\/property\/contact-us\/","title":{"rendered":"Contact Us"},"content":{"rendered":"<div class=\"wpb-content-wrapper\"><p>[vc_row][vc_column][vc_column_text css=&#8221;&#8221;]Denize s\u0131f\u0131r ve marka siteler, konsept mimariler, l\u00fcks konut \u00fczerine uzmanla\u015fm\u0131\u015f ve arsa-proje geli\u015ftirme dan\u0131\u015fmanl\u0131\u011f\u0131 da veren,\u00a0T\u00fcrkiye\u2019nin bir \u00e7ok \u015fehrinde ve t\u00fcm d\u00fcnyada 55 \u00fclkede profesyonel i\u015f ortaklar\u0131 ve i\u015f a\u011f\u0131 ile hizmet veren, tecr\u00fcbeli, lisansl\u0131 gayrimenkul dan\u0131\u015fmanlar\u0131ndan, tecr\u00fcbeli idari ve pazarlama uzmanlar\u0131ndan olu\u015fan bir ekiptir.[\/vc_column_text][\/vc_column][\/vc_row]<\/p>\n<\/div>","protected":false},"excerpt":{"rendered":"<p>[vc_row][vc_column][vc_column_text css=&#8221;&#8221;]Denize s\u0131f\u0131r ve marka siteler, konsept mimariler, l\u00fcks konut \u00fczerine uzmanla\u015fm\u0131\u015f ve arsa-proje geli\u015ftirme dan\u0131\u015fmanl\u0131\u011f\u0131 da veren,\u00a0T\u00fcrkiye\u2019nin bir \u00e7ok \u015fehrinde ve t\u00fcm d\u00fcnyada 55 \u00fclkede profesyonel i\u015f ortaklar\u0131 ve i\u015f a\u011f\u0131 ile hizmet veren, tecr\u00fcbeli, lisansl\u0131 gayrimenkul dan\u0131\u015fmanlar\u0131ndan, tecr\u00fcbeli idari ve pazarlama uzmanlar\u0131ndan olu\u015fan bir ekiptir.[\/vc_column_text][\/vc_column][\/vc_row]<\/p>\n","protected":false},"author":1,"featured_media":0,"parent":0,"menu_order":0,"comment_status":"open","ping_status":"open","template":"page-templates\/contact_page.php","meta":{"om_disable_all_campaigns":false,"inline_featured_image":false,"_monsterinsights_skip_tracking":false,"_monsterinsights_sitenote_active":false,"_monsterinsights_sitenote_note":"","_monsterinsights_sitenote_category":0,"footnotes":""},"class_list":["post-5707","page","type-page","status-publish","hentry"],"aioseo_notices":[],"_links":{"self":[{"href":"https:\/\/www.bilisimhatti.com\/property\/wp-json\/wp\/v2\/pages\/5707","targetHints":{"allow":["GET"]}}],"collection":[{"href":"https:\/\/www.bilisimhatti.com\/property\/wp-json\/wp\/v2\/pages"}],"about":[{"href":"https:\/\/www.bilisimhatti.com\/property\/wp-json\/wp\/v2\/types\/page"}],"author":[{"embeddable":true,"href":"https:\/\/www.bilisimhatti.com\/property\/wp-json\/wp\/v2\/users\/1"}],"replies":[{"embeddable":true,"href":"https:\/\/www.bilisimhatti.com\/property\/wp-json\/wp\/v2\/comments?post=5707"}],"version-history":[{"count":1,"href":"https:\/\/www.bilisimhatti.com\/property\/wp-json\/wp\/v2\/pages\/5707\/revisions"}],"predecessor-version":[{"id":23175,"href":"https:\/\/www.bilisimhatti.com\/property\/wp-json\/wp\/v2\/pages\/5707\/revisions\/23175"}],"wp:attachment":[{"href":"https:\/\/www.bilisimhatti.com\/property\/wp-json\/wp\/v2\/media?parent=5707"}],"curies":[{"name":"wp","href":"https:\/\/api.w.org\/{rel}","templated":true}]}}